{"id":1708,"date":"2024-10-21T15:13:03","date_gmt":"2024-10-21T13:13:03","guid":{"rendered":"https:\/\/monikaliechti.ch\/?page_id=1708"},"modified":"2026-02-12T15:57:43","modified_gmt":"2026-02-12T14:57:43","slug":"coaching","status":"publish","type":"page","link":"https:\/\/monikaliechti.ch\/de\/coaching\/","title":{"rendered":"Coaching"},"content":{"rendered":"<div class=\"wp-block-image\">\n<figure class=\"alignright size-large is-resized\"><img loading=\"lazy\" decoding=\"async\" width=\"1024\" height=\"768\" src=\"https:\/\/monikaliechti.ch\/wp-content\/uploads\/2026\/02\/Coaching_2-1024x768.png\" alt=\"\" class=\"wp-image-2214\" style=\"width:427px\" srcset=\"https:\/\/monikaliechti.ch\/wp-content\/uploads\/2026\/02\/Coaching_2-1024x768.png 1024w, https:\/\/monikaliechti.ch\/wp-content\/uploads\/2026\/02\/Coaching_2-300x225.png 300w, https:\/\/monikaliechti.ch\/wp-content\/uploads\/2026\/02\/Coaching_2-768x576.png 768w, https:\/\/monikaliechti.ch\/wp-content\/uploads\/2026\/02\/Coaching_2-1536x1152.png 1536w, https:\/\/monikaliechti.ch\/wp-content\/uploads\/2026\/02\/Coaching_2-1320x990.png 1320w, https:\/\/monikaliechti.ch\/wp-content\/uploads\/2026\/02\/Coaching_2-320x240.png 320w, https:\/\/monikaliechti.ch\/wp-content\/uploads\/2026\/02\/Coaching_2-640x480.png 640w, https:\/\/monikaliechti.ch\/wp-content\/uploads\/2026\/02\/Coaching_2.png 2048w\" sizes=\"auto, (max-width: 1024px) 100vw, 1024px\" \/><\/figure>\n<\/div>\n\n<div class=\"gb-container gb-container-857d9bad\">\n<div class=\"gb-container gb-container-d41edb86\"><\/div>\n<\/div>\n\n\n<p><strong>W\u00fcnschst du dir, mit deinen Gef\u00fchlen kreativ umgehen zu k\u00f6nnen?<\/strong><\/p>\n\n\n\n<p><strong>Sehnst du dich danach, im Einklang mit deinen eigenen Werten zu leben?<\/strong><\/p>\n\n\n\n<p><strong>Tr\u00e4umst du davon, dein Leben selbstbestimmter zu formen?<\/strong><\/p>\n\n\n\n<p>Ich begleite dich gerne auf diesem Weg.<\/p>\n\n\n\n<p>Mit einer Kombination aus Fachwissen, Herz und Kreativit\u00e4t schaffe ich Raum f\u00fcr Ver\u00e4nderung und pers\u00f6nliches Wachstum.<\/p>\n\n\n\n<p>Die bewusste Auseinandersetzung mit herausfordernden und schmerzhaften Erfahrungen hat in mir ein tiefes Gef\u00fchl f\u00fcr kreative Freiheit und neue M\u00f6glichkeiten geweckt. Mein Leben in verschiedenen Kulturen und meine vielf\u00e4ltige berufliche Erfahrung haben meine Sicht auf die menschliche Erfahrung ma\u00dfgeblich gepr\u00e4gt. Als Ehefrau und Mutter wei\u00df ich, wie wichtig es ist, Selbstentfaltung und die verschiedenen Lebensrollen in Balance zu bringen.<\/p>\n\n\n<div class=\"wp-block-image\">\n<figure class=\"alignleft size-large is-resized\"><img loading=\"lazy\" decoding=\"async\" width=\"1024\" height=\"768\" src=\"https:\/\/monikaliechti.ch\/wp-content\/uploads\/2026\/02\/Coaching_1-1024x768.png\" alt=\"\" class=\"wp-image-2213\" style=\"width:335px;height:auto\" srcset=\"https:\/\/monikaliechti.ch\/wp-content\/uploads\/2026\/02\/Coaching_1-1024x768.png 1024w, https:\/\/monikaliechti.ch\/wp-content\/uploads\/2026\/02\/Coaching_1-300x225.png 300w, https:\/\/monikaliechti.ch\/wp-content\/uploads\/2026\/02\/Coaching_1-768x576.png 768w, https:\/\/monikaliechti.ch\/wp-content\/uploads\/2026\/02\/Coaching_1-1536x1152.png 1536w, https:\/\/monikaliechti.ch\/wp-content\/uploads\/2026\/02\/Coaching_1-2048x1536.png 2048w, https:\/\/monikaliechti.ch\/wp-content\/uploads\/2026\/02\/Coaching_1-1320x990.png 1320w, https:\/\/monikaliechti.ch\/wp-content\/uploads\/2026\/02\/Coaching_1-320x240.png 320w, https:\/\/monikaliechti.ch\/wp-content\/uploads\/2026\/02\/Coaching_1-640x480.png 640w\" sizes=\"auto, (max-width: 1024px) 100vw, 1024px\" \/><\/figure>\n<\/div>\n\n\n<p>Als Coachin unterst\u00fctze ich dich dabei, eine tiefere Verbindung zu dir selbst zu finden, sodass du authentischer und kraftvoller voranschreiten kannst. Denn:<\/p>\n\n\n\n<p><strong>\u201eJe mehr du dich selbst zum Leben erweckst, desto mehr Leben kann um dich entstehen.\u201c<\/strong><br><\/p>\n\n\n\n<p><a href=\"https:\/\/monikaliechti.ch\/de\/kontakt\/\" title=\"\">Kontaktiere mich<\/a>, wenn du Coaching mit mir w\u00fcnschst oder wenn du in einem Kennenlerngespr\u00e4ch herausfinden m\u00f6chtest, ob eine Zusammenarbeit f\u00fcr dich passend w\u00e4re.<br><br><\/p>\n\n\n\n<div class=\"wp-block-group is-content-justification-center is-nowrap is-layout-flex wp-container-core-group-is-layout-94bc23d7 wp-block-group-is-layout-flex\">\n<div class=\"wp-block-group is-nowrap is-layout-flex wp-container-core-group-is-layout-ad2f72ca wp-block-group-is-layout-flex\"><div class=\"gb-container gb-container-ab700939\">\n\n<div class=\"wp-block-group is-content-justification-space-between is-nowrap is-layout-flex wp-container-core-group-is-layout-eaacdc6a wp-block-group-is-layout-flex\">\n<figure class=\"wp-block-table is-style-stripes\"><table class=\"has-fixed-layout\"><tbody><tr><td><strong>Coaching-Angebote:<\/strong><\/td><\/tr><tr><td>Kennenlerngespr\u00e4ch telefonisch<br>Walk &amp; Talk<br>Face-to-face<\/td><\/tr><\/tbody><\/table><\/figure>\n<\/div>\n\n<\/div><\/div>\n<\/div>\n\n\n\n<figure class=\"wp-block-table is-style-stripes\"><table class=\"has-fixed-layout\"><tbody><tr><td class=\"has-text-align-left\" data-align=\"left\"><strong>Was andere \u00fcber mich sagen:<\/strong><\/td><td class=\"has-text-align-center\" data-align=\"center\"><\/td><\/tr><tr><td class=\"has-text-align-center\" data-align=\"center\"><em>&#8222;Im Coaching mit Monika f\u00fchlte ich mich geh\u00f6rt und ernst genommen. Sie schuf einen sicheren Raum, in dem ich mich zeigen und Ver\u00e4nderung zulassen konnte. Freude sowie Leichtigkeit wurden zu meinem neuen Lebensgef\u00fchl.&#8220;<\/em><\/td><td class=\"has-text-align-center\" data-align=\"center\">&#8222;<em>Monika ist eine besonders einf\u00fchlsame und authentische Person. Bei ihr f\u00fchle ich mich immer wohl und vollkommen akzeptiert, mit allem, was ich bin.&#8220;<\/em><\/td><\/tr><\/tbody><\/table><\/figure>\n\n\n\n<figure class=\"wp-block-table is-style-stripes\"><table class=\"has-fixed-layout\"><tbody><tr><td class=\"has-text-align-left\" data-align=\"left\"><strong>Adresse<\/strong>:<\/td><td class=\"has-text-align-center\" data-align=\"center\"><\/td><\/tr><tr><td class=\"has-text-align-left\" data-align=\"left\">Engadinstrasse 26<br>7000 Chur<\/td><td class=\"has-text-align-center\" data-align=\"center\"><\/td><\/tr><\/tbody><\/table><\/figure>\n\n\n\n<figure class=\"wp-block-table is-style-stripes\"><table class=\"has-fixed-layout\"><tbody><tr><td class=\"has-text-align-left\" data-align=\"left\"><strong>Lage<\/strong>:<\/td><td class=\"has-text-align-center\" data-align=\"center\"><\/td><\/tr><tr><td class=\"has-text-align-left\" data-align=\"left\">250m von Bahnhof SBB &amp; Busbahnhof<br>100m vom Parkhaus Stadtbaumgarten<br>150m vom Parkhaus Migros G\u00e4uggeli<br><\/td><td class=\"has-text-align-center\" data-align=\"center\"><\/td><\/tr><\/tbody><\/table><\/figure>\n\n\n\n<figure class=\"wp-block-image size-large is-resized\"><img loading=\"lazy\" decoding=\"async\" width=\"1024\" height=\"912\" src=\"https:\/\/monikaliechti.ch\/wp-content\/uploads\/2025\/10\/Raum_Coaching_2-1024x912.png\" alt=\"\" class=\"wp-image-2141\" style=\"width:1120px;height:auto\" srcset=\"https:\/\/monikaliechti.ch\/wp-content\/uploads\/2025\/10\/Raum_Coaching_2-1024x912.png 1024w, https:\/\/monikaliechti.ch\/wp-content\/uploads\/2025\/10\/Raum_Coaching_2-300x267.png 300w, https:\/\/monikaliechti.ch\/wp-content\/uploads\/2025\/10\/Raum_Coaching_2-768x684.png 768w, https:\/\/monikaliechti.ch\/wp-content\/uploads\/2025\/10\/Raum_Coaching_2-1536x1368.png 1536w, https:\/\/monikaliechti.ch\/wp-content\/uploads\/2025\/10\/Raum_Coaching_2-2048x1824.png 2048w, https:\/\/monikaliechti.ch\/wp-content\/uploads\/2025\/10\/Raum_Coaching_2-1320x1175.png 1320w, https:\/\/monikaliechti.ch\/wp-content\/uploads\/2025\/10\/Raum_Coaching_2-320x285.png 320w, https:\/\/monikaliechti.ch\/wp-content\/uploads\/2025\/10\/Raum_Coaching_2-640x570.png 640w\" sizes=\"auto, (max-width: 1024px) 100vw, 1024px\" \/><\/figure>\n","protected":false},"excerpt":{"rendered":"<p>W\u00fcnschst du dir, mit deinen Gef\u00fchlen kreativ umgehen zu k\u00f6nnen? Sehnst du dich danach, im Einklang mit deinen &#8230; <\/p>\n<p class=\"read-more-container\"><a title=\"Coaching\" class=\"read-more button\" href=\"https:\/\/monikaliechti.ch\/de\/coaching\/#more-1708\" aria-label=\"Mehr Informationen \u00fcber Coaching\">Read more<\/a><\/p>\n","protected":false},"author":1,"featured_media":0,"parent":0,"menu_order":0,"comment_status":"closed","ping_status":"closed","template":"","meta":{"_monsterinsights_skip_tracking":false,"_monsterinsights_sitenote_active":false,"_monsterinsights_sitenote_note":"","_monsterinsights_sitenote_category":0,"_EventAllDay":false,"_EventTimezone":"","_EventStartDate":"","_EventEndDate":"","_EventStartDateUTC":"","_EventEndDateUTC":"","_EventShowMap":false,"_EventShowMapLink":false,"_EventURL":"","_EventCost":"","_EventCostDescription":"","_EventCurrencySymbol":"","_EventCurrencyCode":"","_EventCurrencyPosition":"","_EventDateTimeSeparator":"","_EventTimeRangeSeparator":"","_EventOrganizerID":[],"_EventVenueID":[],"_OrganizerEmail":"","_OrganizerPhone":"","_OrganizerWebsite":"","_VenueAddress":"","_VenueCity":"","_VenueCountry":"","_VenueProvince":"","_VenueState":"","_VenueZip":"","_VenuePhone":"","_VenueURL":"","_VenueStateProvince":"","_VenueLat":"","_VenueLng":"","_VenueShowMap":false,"_VenueShowMapLink":false,"_FSMCFIC_featured_image_caption":"","_FSMCFIC_featured_image_nocaption":"","_FSMCFIC_featured_image_hide":"","footnotes":""},"class_list":["post-1708","page","type-page","status-publish"],"aioseo_notices":[],"_links":{"self":[{"href":"https:\/\/monikaliechti.ch\/de\/wp-json\/wp\/v2\/pages\/1708","targetHints":{"allow":["GET"]}}],"collection":[{"href":"https:\/\/monikaliechti.ch\/de\/wp-json\/wp\/v2\/pages"}],"about":[{"href":"https:\/\/monikaliechti.ch\/de\/wp-json\/wp\/v2\/types\/page"}],"author":[{"embeddable":true,"href":"https:\/\/monikaliechti.ch\/de\/wp-json\/wp\/v2\/users\/1"}],"replies":[{"embeddable":true,"href":"https:\/\/monikaliechti.ch\/de\/wp-json\/wp\/v2\/comments?post=1708"}],"version-history":[{"count":34,"href":"https:\/\/monikaliechti.ch\/de\/wp-json\/wp\/v2\/pages\/1708\/revisions"}],"predecessor-version":[{"id":2365,"href":"https:\/\/monikaliechti.ch\/de\/wp-json\/wp\/v2\/pages\/1708\/revisions\/2365"}],"wp:attachment":[{"href":"https:\/\/monikaliechti.ch\/de\/wp-json\/wp\/v2\/media?parent=1708"}],"curies":[{"name":"wp","href":"https:\/\/api.w.org\/{rel}","templated":true}]}}